{"id":1015,"date":"2013-03-07T07:05:42","date_gmt":"2013-03-07T05:05:42","guid":{"rendered":"http:\/\/www.funktionalform.de\/?page_id=1015"},"modified":"2017-06-21T18:23:55","modified_gmt":"2017-06-21T16:23:55","slug":"rucklicht","status":"publish","type":"page","link":"https:\/\/www.funktionalform.de\/?page_id=1015","title":{"rendered":"Taillight"},"content":{"rendered":"<style type=\"text\/css\">\r\n\t#foogallery-gallery-1520 .fg-image {\r\n        width: 600px;\r\n    }\r\n<\/style>\r\n\t\t\t\t<div class=\"foogallery foogallery-container foogallery-image-viewer foogallery-link-image foogallery-lightbox-foobox-free fg-center fg-image-viewer fg-light fg-border-thin fg-shadow-outline fg-loading-default fg-loaded-fade-in fg-caption-always fg-hover-fade fg-hover-circle-plus fg-ready\" id=\"foogallery-gallery-1520\" data-foogallery=\"{&quot;item&quot;:{&quot;showCaptionTitle&quot;:false,&quot;showCaptionDescription&quot;:false},&quot;lazy&quot;:true,&quot;template&quot;:{&quot;loop&quot;:true}}\" >\r\n\t<div class=\"fiv-inner\">\r\n\t\t<div class=\"fiv-inner-container\">\r\n\t\t\t<div class=\"fg-item fg-type-image fg-idle\"><figure class=\"fg-item-inner\"><a href=\"https:\/\/www.funktionalform.de\/wp-content\/uploads\/2017\/06\/Taillight08.jpg\" data-attachment-id=\"1521\" data-type=\"image\" class=\"fg-thumb\"><span class=\"fg-image-wrap\"><img fetchpriority=\"high\" decoding=\"async\" width=\"600\" height=\"280\" class=\"skip-lazy fg-image\" data-src-fg=\"https:\/\/www.funktionalform.de\/wp-content\/uploads\/2017\/06\/Taillight08.jpg\" src=\"data:image\/svg+xml,%3Csvg%20xmlns%3D%22http%3A%2F%2Fwww.w3.org%2F2000%2Fsvg%22%20width%3D%22600%22%20height%3D%22280%22%20viewBox%3D%220%200%20600%20280%22%3E%3C%2Fsvg%3E\" loading=\"eager\"><\/span><span class=\"fg-image-overlay\"><\/span><\/a><figcaption class=\"fg-caption\"><div class=\"fg-caption-inner\"><\/div><\/figcaption><\/figure><div class=\"fg-loader\"><\/div><\/div><div class=\"fg-item fg-type-image fg-idle\"><figure class=\"fg-item-inner\"><a href=\"https:\/\/www.funktionalform.de\/wp-content\/uploads\/2017\/06\/Taillight01.jpg\" data-attachment-id=\"1522\" data-type=\"image\" class=\"fg-thumb\"><span class=\"fg-image-wrap\"><img decoding=\"async\" width=\"600\" height=\"280\" class=\"skip-lazy fg-image\" data-src-fg=\"https:\/\/www.funktionalform.de\/wp-content\/uploads\/2017\/06\/Taillight01.jpg\" src=\"data:image\/svg+xml,%3Csvg%20xmlns%3D%22http%3A%2F%2Fwww.w3.org%2F2000%2Fsvg%22%20width%3D%22600%22%20height%3D%22280%22%20viewBox%3D%220%200%20600%20280%22%3E%3C%2Fsvg%3E\" loading=\"eager\"><\/span><span class=\"fg-image-overlay\"><\/span><\/a><figcaption class=\"fg-caption\"><div class=\"fg-caption-inner\"><\/div><\/figcaption><\/figure><div class=\"fg-loader\"><\/div><\/div><div class=\"fg-item fg-type-image fg-idle\"><figure class=\"fg-item-inner\"><a href=\"https:\/\/www.funktionalform.de\/wp-content\/uploads\/2017\/06\/Taillight02.jpg\" data-attachment-id=\"1523\" data-type=\"image\" class=\"fg-thumb\"><span class=\"fg-image-wrap\"><img decoding=\"async\" width=\"600\" height=\"280\" class=\"skip-lazy fg-image\" data-src-fg=\"https:\/\/www.funktionalform.de\/wp-content\/uploads\/2017\/06\/Taillight02.jpg\" src=\"data:image\/svg+xml,%3Csvg%20xmlns%3D%22http%3A%2F%2Fwww.w3.org%2F2000%2Fsvg%22%20width%3D%22600%22%20height%3D%22280%22%20viewBox%3D%220%200%20600%20280%22%3E%3C%2Fsvg%3E\" loading=\"eager\"><\/span><span class=\"fg-image-overlay\"><\/span><\/a><figcaption class=\"fg-caption\"><div class=\"fg-caption-inner\"><\/div><\/figcaption><\/figure><div class=\"fg-loader\"><\/div><\/div><div class=\"fg-item fg-type-image fg-idle\"><figure class=\"fg-item-inner\"><a href=\"https:\/\/www.funktionalform.de\/wp-content\/uploads\/2017\/06\/Taillight03.jpg\" data-attachment-id=\"1524\" data-type=\"image\" class=\"fg-thumb\"><span class=\"fg-image-wrap\"><img decoding=\"async\" width=\"600\" height=\"280\" class=\"skip-lazy fg-image\" data-src-fg=\"https:\/\/www.funktionalform.de\/wp-content\/uploads\/2017\/06\/Taillight03.jpg\" src=\"data:image\/svg+xml,%3Csvg%20xmlns%3D%22http%3A%2F%2Fwww.w3.org%2F2000%2Fsvg%22%20width%3D%22600%22%20height%3D%22280%22%20viewBox%3D%220%200%20600%20280%22%3E%3C%2Fsvg%3E\" loading=\"eager\"><\/span><span class=\"fg-image-overlay\"><\/span><\/a><figcaption class=\"fg-caption\"><div class=\"fg-caption-inner\"><\/div><\/figcaption><\/figure><div class=\"fg-loader\"><\/div><\/div><div class=\"fg-item fg-type-image fg-idle\"><figure class=\"fg-item-inner\"><a href=\"https:\/\/www.funktionalform.de\/wp-content\/uploads\/2017\/06\/Taillight04.jpg\" data-attachment-id=\"1525\" data-type=\"image\" class=\"fg-thumb\"><span class=\"fg-image-wrap\"><img decoding=\"async\" width=\"600\" height=\"280\" class=\"skip-lazy fg-image\" data-src-fg=\"https:\/\/www.funktionalform.de\/wp-content\/uploads\/2017\/06\/Taillight04.jpg\" src=\"data:image\/svg+xml,%3Csvg%20xmlns%3D%22http%3A%2F%2Fwww.w3.org%2F2000%2Fsvg%22%20width%3D%22600%22%20height%3D%22280%22%20viewBox%3D%220%200%20600%20280%22%3E%3C%2Fsvg%3E\" loading=\"eager\"><\/span><span class=\"fg-image-overlay\"><\/span><\/a><figcaption class=\"fg-caption\"><div class=\"fg-caption-inner\"><\/div><\/figcaption><\/figure><div class=\"fg-loader\"><\/div><\/div><div class=\"fg-item fg-type-image fg-idle\"><figure class=\"fg-item-inner\"><a href=\"https:\/\/www.funktionalform.de\/wp-content\/uploads\/2017\/06\/Taillight05.jpg\" data-attachment-id=\"1526\" data-type=\"image\" class=\"fg-thumb\"><span class=\"fg-image-wrap\"><img decoding=\"async\" width=\"600\" height=\"280\" class=\"skip-lazy fg-image\" data-src-fg=\"https:\/\/www.funktionalform.de\/wp-content\/uploads\/2017\/06\/Taillight05.jpg\" src=\"data:image\/svg+xml,%3Csvg%20xmlns%3D%22http%3A%2F%2Fwww.w3.org%2F2000%2Fsvg%22%20width%3D%22600%22%20height%3D%22280%22%20viewBox%3D%220%200%20600%20280%22%3E%3C%2Fsvg%3E\" loading=\"eager\"><\/span><span class=\"fg-image-overlay\"><\/span><\/a><figcaption class=\"fg-caption\"><div class=\"fg-caption-inner\"><\/div><\/figcaption><\/figure><div class=\"fg-loader\"><\/div><\/div><div class=\"fg-item fg-type-image fg-idle\"><figure class=\"fg-item-inner\"><a href=\"https:\/\/www.funktionalform.de\/wp-content\/uploads\/2017\/06\/Taillight06.jpg\" data-attachment-id=\"1527\" data-type=\"image\" class=\"fg-thumb\"><span class=\"fg-image-wrap\"><img decoding=\"async\" width=\"600\" height=\"280\" class=\"skip-lazy fg-image\" data-src-fg=\"https:\/\/www.funktionalform.de\/wp-content\/uploads\/2017\/06\/Taillight06.jpg\" src=\"data:image\/svg+xml,%3Csvg%20xmlns%3D%22http%3A%2F%2Fwww.w3.org%2F2000%2Fsvg%22%20width%3D%22600%22%20height%3D%22280%22%20viewBox%3D%220%200%20600%20280%22%3E%3C%2Fsvg%3E\" loading=\"eager\"><\/span><span class=\"fg-image-overlay\"><\/span><\/a><figcaption class=\"fg-caption\"><div class=\"fg-caption-inner\"><\/div><\/figcaption><\/figure><div class=\"fg-loader\"><\/div><\/div><div class=\"fg-item fg-type-image fg-idle\"><figure class=\"fg-item-inner\"><a href=\"https:\/\/www.funktionalform.de\/wp-content\/uploads\/2017\/06\/Taillight07.jpg\" data-attachment-id=\"1528\" data-type=\"image\" class=\"fg-thumb\"><span class=\"fg-image-wrap\"><img decoding=\"async\" width=\"600\" height=\"280\" class=\"skip-lazy fg-image\" data-src-fg=\"https:\/\/www.funktionalform.de\/wp-content\/uploads\/2017\/06\/Taillight07.jpg\" src=\"data:image\/svg+xml,%3Csvg%20xmlns%3D%22http%3A%2F%2Fwww.w3.org%2F2000%2Fsvg%22%20width%3D%22600%22%20height%3D%22280%22%20viewBox%3D%220%200%20600%20280%22%3E%3C%2Fsvg%3E\" loading=\"eager\"><\/span><span class=\"fg-image-overlay\"><\/span><\/a><figcaption class=\"fg-caption\"><div class=\"fg-caption-inner\"><\/div><\/figcaption><\/figure><div class=\"fg-loader\"><\/div><\/div>\t\t<\/div>\r\n\t\t<div class=\"fiv-ctrls\">\r\n\t\t\t<div class=\"fiv-prev\"><span>prev<\/span><\/div>\r\n\t\t\t<label class=\"fiv-count\"><span class=\"fiv-count-current\">1<\/span>of<span class=\"fiv-count-total\">8<\/span><\/label>\r\n\t\t\t<div class=\"fiv-next\"><span>next<\/span><\/div>\r\n\t\t<\/div>\r\n\t<\/div>\r\n<\/div>\n<p>Auch dieses Projekt, ein LED R\u00fccklicht f\u00fcr die Fahrradbranche, ist in Kooperation f\u00fcr die Firma Supernova realisiert worden.<\/p>\n<p>Fotorealistische Renderings dienten nicht nur als Entscheidungsgrundlage, sonder sie wurden vor allem f\u00fcr Kataloge und Internetauftritte umgesetzt. Das R\u00fccklicht besticht durch seine Effizienz, Leichtigkeit und dem Design.<\/p>\n<p>Es wird wie fast alle Produkte bei Supernova aus edlem Aluminium gefertigt und ist in den verschiedensten galvanische Farben erh\u00e4ltlich. Es ist seit Jahren eines der Kernprodukte bei Supernova und entwickelt sich stets weiter. Die neueste Version ist\u00a0dementsprechend\u00a0auch mit dem Siegel der STVZO ausger\u00fcstet.<\/p>\n","protected":false},"excerpt":{"rendered":"<p>Auch dieses Projekt, ein LED R\u00fccklicht f\u00fcr die Fahrradbranche, ist in Kooperation f\u00fcr die Firma Supernova realisiert worden. Fotorealistische Renderings dienten nicht nur als Entscheidungsgrundlage, sonder sie wurden vor allem f\u00fcr Kataloge und Internetauftritte umgesetzt. Das R\u00fccklicht besticht durch seine Effizienz, Leichtigkeit und dem Design. Es wird wie fast alle Produkte bei Supernova aus edlem&hellip;<\/p>\n","protected":false},"author":1,"featured_media":0,"parent":161,"menu_order":0,"comment_status":"closed","ping_status":"closed","template":"","meta":{"footnotes":""},"class_list":["post-1015","page","type-page","status-publish","hentry"],"_links":{"self":[{"href":"https:\/\/www.funktionalform.de\/index.php?rest_route=\/wp\/v2\/pages\/1015","targetHints":{"allow":["GET"]}}],"collection":[{"href":"https:\/\/www.funktionalform.de\/index.php?rest_route=\/wp\/v2\/pages"}],"about":[{"href":"https:\/\/www.funktionalform.de\/index.php?rest_route=\/wp\/v2\/types\/page"}],"author":[{"embeddable":true,"href":"https:\/\/www.funktionalform.de\/index.php?rest_route=\/wp\/v2\/users\/1"}],"replies":[{"embeddable":true,"href":"https:\/\/www.funktionalform.de\/index.php?rest_route=%2Fwp%2Fv2%2Fcomments&post=1015"}],"version-history":[{"count":5,"href":"https:\/\/www.funktionalform.de\/index.php?rest_route=\/wp\/v2\/pages\/1015\/revisions"}],"predecessor-version":[{"id":1529,"href":"https:\/\/www.funktionalform.de\/index.php?rest_route=\/wp\/v2\/pages\/1015\/revisions\/1529"}],"up":[{"embeddable":true,"href":"https:\/\/www.funktionalform.de\/index.php?rest_route=\/wp\/v2\/pages\/161"}],"wp:attachment":[{"href":"https:\/\/www.funktionalform.de\/index.php?rest_route=%2Fwp%2Fv2%2Fmedia&parent=1015"}],"curies":[{"name":"wp","href":"https:\/\/api.w.org\/{rel}","templated":true}]}}