{"id":1034,"date":"2013-03-07T07:18:22","date_gmt":"2013-03-07T05:18:22","guid":{"rendered":"http:\/\/www.funktionalform.de\/?page_id=1034"},"modified":"2017-06-20T16:19:42","modified_gmt":"2017-06-20T14:19:42","slug":"bosch-e3-2","status":"publish","type":"page","link":"https:\/\/www.funktionalform.de\/?page_id=1034","title":{"rendered":"Bosch E3"},"content":{"rendered":"<style type=\"text\/css\">\r\n\t#foogallery-gallery-1296 .fg-image {\r\n        width: 600px;\r\n    }\r\n<\/style>\r\n\t\t\t\t<div class=\"foogallery foogallery-container foogallery-image-viewer foogallery-link-image foogallery-lightbox-foobox-free fg-center fg-image-viewer fg-light fg-border-thin fg-shadow-outline fg-loading-default fg-loaded-fade-in fg-caption-always fg-hover-fade fg-hover-circle-plus fg-ready\" id=\"foogallery-gallery-1296\" data-foogallery=\"{&quot;item&quot;:{&quot;showCaptionTitle&quot;:false,&quot;showCaptionDescription&quot;:false},&quot;lazy&quot;:true,&quot;template&quot;:{&quot;loop&quot;:true}}\" >\r\n\t<div class=\"fiv-inner\">\r\n\t\t<div class=\"fiv-inner-container\">\r\n\t\t\t<div class=\"fg-item fg-type-image fg-idle\"><figure class=\"fg-item-inner\"><a href=\"https:\/\/www.funktionalform.de\/wp-content\/uploads\/2017\/06\/Bosch-07.jpg\" data-attachment-id=\"1297\" data-type=\"image\" class=\"fg-thumb\"><span class=\"fg-image-wrap\"><img fetchpriority=\"high\" decoding=\"async\" width=\"600\" height=\"280\" class=\"skip-lazy fg-image\" data-src-fg=\"https:\/\/www.funktionalform.de\/wp-content\/uploads\/2017\/06\/Bosch-07.jpg\" src=\"data:image\/svg+xml,%3Csvg%20xmlns%3D%22http%3A%2F%2Fwww.w3.org%2F2000%2Fsvg%22%20width%3D%22600%22%20height%3D%22280%22%20viewBox%3D%220%200%20600%20280%22%3E%3C%2Fsvg%3E\" loading=\"eager\"><\/span><span class=\"fg-image-overlay\"><\/span><\/a><figcaption class=\"fg-caption\"><div class=\"fg-caption-inner\"><\/div><\/figcaption><\/figure><div class=\"fg-loader\"><\/div><\/div><div class=\"fg-item fg-type-image fg-idle\"><figure class=\"fg-item-inner\"><a href=\"https:\/\/www.funktionalform.de\/wp-content\/uploads\/2017\/06\/Bosch-01.jpg\" data-attachment-id=\"1298\" data-type=\"image\" class=\"fg-thumb\"><span class=\"fg-image-wrap\"><img decoding=\"async\" width=\"600\" height=\"280\" class=\"skip-lazy fg-image\" data-src-fg=\"https:\/\/www.funktionalform.de\/wp-content\/uploads\/2017\/06\/Bosch-01.jpg\" src=\"data:image\/svg+xml,%3Csvg%20xmlns%3D%22http%3A%2F%2Fwww.w3.org%2F2000%2Fsvg%22%20width%3D%22600%22%20height%3D%22280%22%20viewBox%3D%220%200%20600%20280%22%3E%3C%2Fsvg%3E\" loading=\"eager\"><\/span><span class=\"fg-image-overlay\"><\/span><\/a><figcaption class=\"fg-caption\"><div class=\"fg-caption-inner\"><\/div><\/figcaption><\/figure><div class=\"fg-loader\"><\/div><\/div><div class=\"fg-item fg-type-image fg-idle\"><figure class=\"fg-item-inner\"><a href=\"https:\/\/www.funktionalform.de\/wp-content\/uploads\/2017\/06\/Bosch-02.jpg\" data-attachment-id=\"1299\" data-type=\"image\" class=\"fg-thumb\"><span class=\"fg-image-wrap\"><img decoding=\"async\" width=\"600\" height=\"280\" class=\"skip-lazy fg-image\" data-src-fg=\"https:\/\/www.funktionalform.de\/wp-content\/uploads\/2017\/06\/Bosch-02.jpg\" src=\"data:image\/svg+xml,%3Csvg%20xmlns%3D%22http%3A%2F%2Fwww.w3.org%2F2000%2Fsvg%22%20width%3D%22600%22%20height%3D%22280%22%20viewBox%3D%220%200%20600%20280%22%3E%3C%2Fsvg%3E\" loading=\"eager\"><\/span><span class=\"fg-image-overlay\"><\/span><\/a><figcaption class=\"fg-caption\"><div class=\"fg-caption-inner\"><\/div><\/figcaption><\/figure><div class=\"fg-loader\"><\/div><\/div><div class=\"fg-item fg-type-image fg-idle\"><figure class=\"fg-item-inner\"><a href=\"https:\/\/www.funktionalform.de\/wp-content\/uploads\/2017\/06\/Bosch-03.jpg\" data-attachment-id=\"1300\" data-type=\"image\" class=\"fg-thumb\"><span class=\"fg-image-wrap\"><img decoding=\"async\" width=\"600\" height=\"280\" class=\"skip-lazy fg-image\" data-src-fg=\"https:\/\/www.funktionalform.de\/wp-content\/uploads\/2017\/06\/Bosch-03.jpg\" src=\"data:image\/svg+xml,%3Csvg%20xmlns%3D%22http%3A%2F%2Fwww.w3.org%2F2000%2Fsvg%22%20width%3D%22600%22%20height%3D%22280%22%20viewBox%3D%220%200%20600%20280%22%3E%3C%2Fsvg%3E\" loading=\"eager\"><\/span><span class=\"fg-image-overlay\"><\/span><\/a><figcaption class=\"fg-caption\"><div class=\"fg-caption-inner\"><\/div><\/figcaption><\/figure><div class=\"fg-loader\"><\/div><\/div><div class=\"fg-item fg-type-image fg-idle\"><figure class=\"fg-item-inner\"><a href=\"https:\/\/www.funktionalform.de\/wp-content\/uploads\/2017\/06\/Bosch-04.jpg\" data-attachment-id=\"1301\" data-type=\"image\" class=\"fg-thumb\"><span class=\"fg-image-wrap\"><img decoding=\"async\" width=\"600\" height=\"280\" class=\"skip-lazy fg-image\" data-src-fg=\"https:\/\/www.funktionalform.de\/wp-content\/uploads\/2017\/06\/Bosch-04.jpg\" src=\"data:image\/svg+xml,%3Csvg%20xmlns%3D%22http%3A%2F%2Fwww.w3.org%2F2000%2Fsvg%22%20width%3D%22600%22%20height%3D%22280%22%20viewBox%3D%220%200%20600%20280%22%3E%3C%2Fsvg%3E\" loading=\"eager\"><\/span><span class=\"fg-image-overlay\"><\/span><\/a><figcaption class=\"fg-caption\"><div class=\"fg-caption-inner\"><\/div><\/figcaption><\/figure><div class=\"fg-loader\"><\/div><\/div><div class=\"fg-item fg-type-image fg-idle\"><figure class=\"fg-item-inner\"><a href=\"https:\/\/www.funktionalform.de\/wp-content\/uploads\/2017\/06\/Bosch-05.jpg\" data-attachment-id=\"1302\" data-type=\"image\" class=\"fg-thumb\"><span class=\"fg-image-wrap\"><img decoding=\"async\" width=\"600\" height=\"280\" class=\"skip-lazy fg-image\" data-src-fg=\"https:\/\/www.funktionalform.de\/wp-content\/uploads\/2017\/06\/Bosch-05.jpg\" src=\"data:image\/svg+xml,%3Csvg%20xmlns%3D%22http%3A%2F%2Fwww.w3.org%2F2000%2Fsvg%22%20width%3D%22600%22%20height%3D%22280%22%20viewBox%3D%220%200%20600%20280%22%3E%3C%2Fsvg%3E\" loading=\"eager\"><\/span><span class=\"fg-image-overlay\"><\/span><\/a><figcaption class=\"fg-caption\"><div class=\"fg-caption-inner\"><\/div><\/figcaption><\/figure><div class=\"fg-loader\"><\/div><\/div><div class=\"fg-item fg-type-image fg-idle\"><figure class=\"fg-item-inner\"><a href=\"https:\/\/www.funktionalform.de\/wp-content\/uploads\/2017\/06\/Bosch-06.jpg\" data-attachment-id=\"1303\" data-type=\"image\" class=\"fg-thumb\"><span class=\"fg-image-wrap\"><img decoding=\"async\" width=\"600\" height=\"280\" class=\"skip-lazy fg-image\" data-src-fg=\"https:\/\/www.funktionalform.de\/wp-content\/uploads\/2017\/06\/Bosch-06.jpg\" src=\"data:image\/svg+xml,%3Csvg%20xmlns%3D%22http%3A%2F%2Fwww.w3.org%2F2000%2Fsvg%22%20width%3D%22600%22%20height%3D%22280%22%20viewBox%3D%220%200%20600%20280%22%3E%3C%2Fsvg%3E\" loading=\"eager\"><\/span><span class=\"fg-image-overlay\"><\/span><\/a><figcaption class=\"fg-caption\"><div class=\"fg-caption-inner\"><\/div><\/figcaption><\/figure><div class=\"fg-loader\"><\/div><\/div>\t\t<\/div>\r\n\t\t<div class=\"fiv-ctrls\">\r\n\t\t\t<div class=\"fiv-prev\"><span>prev<\/span><\/div>\r\n\t\t\t<label class=\"fiv-count\"><span class=\"fiv-count-current\">1<\/span>of<span class=\"fiv-count-total\">7<\/span><\/label>\r\n\t\t\t<div class=\"fiv-next\"><span>next<\/span><\/div>\r\n\t\t<\/div>\r\n\t<\/div>\r\n<\/div>\n<p>F\u00fcr Bosch wurde in Zusammenarbeit mit Supernova Design eine Multifunktionsleuchte entwickelt, die einen herk\u00f6mmlichen Bosch Akkutr\u00e4ger mit einer Supernova Leuchte verbindet. Dieses Produkt lief 2011 in Serie bei Bosch an und ist bis heute auf dem Markt weltweit erh\u00e4ltlich. Eine win-win Situation f\u00fcr 2 erfolgreiche Firmen mit v\u00f6llig&nbsp;unterschiedlichen&nbsp;Marktinteressen entstand somit. Funktionalform war&nbsp;mass-geblich&nbsp;bei der&nbsp;Entstehung&nbsp;beteiligt.<\/p>\n","protected":false},"excerpt":{"rendered":"<p>F\u00fcr Bosch wurde in Zusammenarbeit mit Supernova Design eine Multifunktionsleuchte entwickelt, die einen herk\u00f6mmlichen Bosch Akkutr\u00e4ger mit einer Supernova Leuchte verbindet. Dieses Produkt lief 2011 in Serie bei Bosch an und ist bis heute auf dem Markt weltweit erh\u00e4ltlich. Eine win-win Situation f\u00fcr 2 erfolgreiche Firmen mit v\u00f6llig&nbsp;unterschiedlichen&nbsp;Marktinteressen entstand somit. Funktionalform war&nbsp;mass-geblich&nbsp;bei der&nbsp;Entstehung&nbsp;beteiligt.<\/p>\n","protected":false},"author":1,"featured_media":0,"parent":161,"menu_order":0,"comment_status":"closed","ping_status":"closed","template":"","meta":{"footnotes":""},"class_list":["post-1034","page","type-page","status-publish","hentry"],"_links":{"self":[{"href":"https:\/\/www.funktionalform.de\/index.php?rest_route=\/wp\/v2\/pages\/1034","targetHints":{"allow":["GET"]}}],"collection":[{"href":"https:\/\/www.funktionalform.de\/index.php?rest_route=\/wp\/v2\/pages"}],"about":[{"href":"https:\/\/www.funktionalform.de\/index.php?rest_route=\/wp\/v2\/types\/page"}],"author":[{"embeddable":true,"href":"https:\/\/www.funktionalform.de\/index.php?rest_route=\/wp\/v2\/users\/1"}],"replies":[{"embeddable":true,"href":"https:\/\/www.funktionalform.de\/index.php?rest_route=%2Fwp%2Fv2%2Fcomments&post=1034"}],"version-history":[{"count":4,"href":"https:\/\/www.funktionalform.de\/index.php?rest_route=\/wp\/v2\/pages\/1034\/revisions"}],"predecessor-version":[{"id":1304,"href":"https:\/\/www.funktionalform.de\/index.php?rest_route=\/wp\/v2\/pages\/1034\/revisions\/1304"}],"up":[{"embeddable":true,"href":"https:\/\/www.funktionalform.de\/index.php?rest_route=\/wp\/v2\/pages\/161"}],"wp:attachment":[{"href":"https:\/\/www.funktionalform.de\/index.php?rest_route=%2Fwp%2Fv2%2Fmedia&parent=1034"}],"curies":[{"name":"wp","href":"https:\/\/api.w.org\/{rel}","templated":true}]}}